{"id":289,"date":"2023-11-22T04:34:54","date_gmt":"2023-11-22T04:34:54","guid":{"rendered":"https:\/\/trackimo.com\/fidelidade-guide\/pr\/?page_id=289"},"modified":"2024-09-05T06:20:06","modified_gmt":"2024-09-05T06:20:06","slug":"ativar-o-seu-dispositivo","status":"publish","type":"page","link":"https:\/\/trackimo.com\/fidelidade-guide\/pr\/ativar-o-seu-dispositivo\/","title":{"rendered":"Ativar o seu dispositivo"},"content":{"rendered":"\t\t<div data-elementor-type=\"wp-page\" data-elementor-id=\"289\" class=\"elementor elementor-289\">\n\t\t\t\t\t\t<section class=\"elementor-section elementor-top-section elementor-element elementor-element-f1fe4b9 breadcrumb_main  elementor-section-height-min-height elementor-section-boxed elementor-section-height-default elementor-section-items-middle\" data-id=\"f1fe4b9\" data-element_type=\"section\" data-settings=\"{&quot;background_background&quot;:&quot;classic&quot;}\">\n\t\t\t\t\t\t<div class=\"elementor-container elementor-column-gap-default\">\n\t\t\t\t\t<div class=\"elementor-column elementor-col-100 elementor-top-column elementor-element elementor-element-3006a6b\" data-id=\"3006a6b\" data-element_type=\"column\">\n\t\t\t<div class=\"elementor-widget-wrap elementor-element-populated\">\n\t\t\t\t\t\t<div class=\"elementor-element elementor-element-4453630 elementor-widget elementor-widget-shortcode\" data-id=\"4453630\" data-element_type=\"widget\" data-widget_type=\"shortcode.default\">\n\t\t\t\t<div class=\"elementor-widget-container\">\n\t\t\t\t\t<div class=\"elementor-shortcode\">        <div class=\"breadcrumb-container theme1\">\r\n                    <ol>\r\n                    <\/ol>\r\n        <script type=\"application\/ld+json\">\r\n        {\r\n            \"@context\": \"http:\/\/schema.org\",\r\n            \"@type\": \"BreadcrumbList\",\r\n            \"itemListElement\": [\r\n                            ]\r\n        }\r\n    <\/script>\r\n    <style type=\"text\/css\">\r\n        .breadcrumb-container {\r\n            font-size: 13px;\r\n        }\r\n\r\n        .breadcrumb-container ul {\r\n            margin: 0;\r\n            padding: 0;\r\n        }\r\n\r\n        .breadcrumb-container li {\r\n            box-sizing: unset;\r\n            display: inline-block;\r\n            margin: 0;\r\n            padding: 0;\r\n        }\r\n\r\n        .breadcrumb-container li a {\r\n            box-sizing: unset;\r\n            padding: 0 10px;\r\n        }\r\n\r\n        .breadcrumb-container {\r\n            font-size:  !important;\r\n            padding: ;\r\n            margin: ;\r\n        }\r\n\r\n        .breadcrumb-container li a {\r\n            color:  !important;\r\n            font-size:  !important;\r\n            line-height:  !important;\r\n        }\r\n\r\n        .breadcrumb-container li .separator {\r\n            color:  !important;\r\n            font-size:  !important;\r\n        }\r\n\r\n        .breadcrumb-container li:last-child .separator {\r\n            display: none;\r\n        }\r\n\r\n            <\/style>\r\n    <style type=\"text\/css\">\r\n        .breadcrumb-container.theme1 li {\r\n            margin: 0;\r\n            padding: 0;\r\n        }\r\n        .breadcrumb-container.theme1 a {\r\n            background: ;\r\n            display: inline-block;\r\n            margin: 0 5px;\r\n            padding: 5px 10px;\r\n            text-decoration: none;\r\n        }\r\n    <\/style>\r\n        <style type=\"text\/css\">\r\n        .breadcrumb-container{}\r\n.breadcrumb-container ul{}\r\n.breadcrumb-container li{}\r\n.breadcrumb-container a{}\r\n.breadcrumb-container .separator{}\r\n    <\/style>\r\n    <script>\r\n            <\/script>\r\n        <\/div>\r\n        <\/div>\n\t\t\t\t<\/div>\n\t\t\t\t<\/div>\n\t\t\t\t\t<\/div>\n\t\t<\/div>\n\t\t\t\t\t<\/div>\n\t\t<\/section>\n\t\t\t\t<section class=\"elementor-section elementor-top-section elementor-element elementor-element-7b4787c activate-your-device-title elementor-section-boxed elementor-section-height-default elementor-section-height-default\" data-id=\"7b4787c\" data-element_type=\"section\" data-settings=\"{&quot;background_background&quot;:&quot;classic&quot;}\">\n\t\t\t\t\t\t<div class=\"elementor-container elementor-column-gap-default\">\n\t\t\t\t\t<div class=\"elementor-column elementor-col-100 elementor-top-column elementor-element elementor-element-ca054ce\" data-id=\"ca054ce\" data-element_type=\"column\">\n\t\t\t<div class=\"elementor-widget-wrap elementor-element-populated\">\n\t\t\t\t\t\t<div class=\"elementor-element elementor-element-0621841 elementor-widget elementor-widget-heading\" data-id=\"0621841\" data-element_type=\"widget\" data-widget_type=\"heading.default\">\n\t\t\t\t<div class=\"elementor-widget-container\">\n\t\t\t<style>\/*! elementor - v3.21.0 - 30-04-2024 *\/\n.elementor-heading-title{padding:0;margin:0;line-height:1}.elementor-widget-heading .elementor-heading-title[class*=elementor-size-]>a{color:inherit;font-size:inherit;line-height:inherit}.elementor-widget-heading .elementor-heading-title.elementor-size-small{font-size:15px}.elementor-widget-heading .elementor-heading-title.elementor-size-medium{font-size:19px}.elementor-widget-heading .elementor-heading-title.elementor-size-large{font-size:29px}.elementor-widget-heading .elementor-heading-title.elementor-size-xl{font-size:39px}.elementor-widget-heading .elementor-heading-title.elementor-size-xxl{font-size:59px}<\/style><h1 class=\"elementor-heading-title elementor-size-default\">Ativar o seu dispositivo\n<\/h1>\t\t<\/div>\n\t\t\t\t<\/div>\n\t\t\t\t\t<\/div>\n\t\t<\/div>\n\t\t\t\t\t<\/div>\n\t\t<\/section>\n\t\t\t\t<section class=\"elementor-section elementor-top-section elementor-element elementor-element-ab75225 account_steps elementor-section-boxed elementor-section-height-default elementor-section-height-default\" data-id=\"ab75225\" data-element_type=\"section\" data-settings=\"{&quot;background_background&quot;:&quot;classic&quot;}\">\n\t\t\t\t\t\t<div class=\"elementor-container elementor-column-gap-no\">\n\t\t\t\t\t<div class=\"elementor-column elementor-col-100 elementor-top-column elementor-element elementor-element-8958e7c\" data-id=\"8958e7c\" data-element_type=\"column\" data-settings=\"{&quot;background_background&quot;:&quot;classic&quot;}\">\n\t\t\t<div class=\"elementor-widget-wrap elementor-element-populated\">\n\t\t\t\t\t\t<section class=\"elementor-section elementor-inner-section elementor-element elementor-element-58582e9 elementor-section-boxed elementor-section-height-default elementor-section-height-default\" data-id=\"58582e9\" data-element_type=\"section\" data-settings=\"{&quot;background_background&quot;:&quot;classic&quot;}\">\n\t\t\t\t\t\t<div class=\"elementor-container elementor-column-gap-no\">\n\t\t\t\t\t<div class=\"elementor-column elementor-col-100 elementor-inner-column elementor-element elementor-element-15f4ad0\" data-id=\"15f4ad0\" data-element_type=\"column\">\n\t\t\t<div class=\"elementor-widget-wrap elementor-element-populated\">\n\t\t\t\t\t\t<div class=\"elementor-element elementor-element-0acd585 elementor-widget__width-initial elementor-widget elementor-widget-image\" data-id=\"0acd585\" data-element_type=\"widget\" data-widget_type=\"image.default\">\n\t\t\t\t<div class=\"elementor-widget-container\">\n\t\t\t<style>\/*! elementor - v3.21.0 - 30-04-2024 *\/\n.elementor-widget-image{text-align:center}.elementor-widget-image a{display:inline-block}.elementor-widget-image a img[src$=\".svg\"]{width:48px}.elementor-widget-image img{vertical-align:middle;display:inline-block}<\/style>\t\t\t\t\t\t\t\t\t\t<img fetchpriority=\"high\" decoding=\"async\" width=\"1336\" height=\"2164\" src=\"https:\/\/trackimo.com\/fidelidade-guide\/pr\/wp-content\/uploads\/2024\/09\/Group-3.png\" class=\"attachment-full size-full wp-image-5030\" alt=\"\" srcset=\"https:\/\/trackimo.com\/fidelidade-guide\/pr\/wp-content\/uploads\/2024\/09\/Group-3.png 1336w, https:\/\/trackimo.com\/fidelidade-guide\/pr\/wp-content\/uploads\/2024\/09\/Group-3-185x300.png 185w, https:\/\/trackimo.com\/fidelidade-guide\/pr\/wp-content\/uploads\/2024\/09\/Group-3-632x1024.png 632w, https:\/\/trackimo.com\/fidelidade-guide\/pr\/wp-content\/uploads\/2024\/09\/Group-3-768x1244.png 768w, https:\/\/trackimo.com\/fidelidade-guide\/pr\/wp-content\/uploads\/2024\/09\/Group-3-948x1536.png 948w, https:\/\/trackimo.com\/fidelidade-guide\/pr\/wp-content\/uploads\/2024\/09\/Group-3-1264x2048.png 1264w\" sizes=\"(max-width: 1336px) 100vw, 1336px\" \/>\t\t\t\t\t\t\t\t\t\t\t\t\t<\/div>\n\t\t\t\t<\/div>\n\t\t\t\t<div class=\"elementor-element elementor-element-52988e0 elementor-widget__width-auto elementor-absolute create_acc_number  elementor-widget elementor-widget-image\" data-id=\"52988e0\" data-element_type=\"widget\" data-settings=\"{&quot;_position&quot;:&quot;absolute&quot;}\" data-widget_type=\"image.default\">\n\t\t\t\t<div class=\"elementor-widget-container\">\n\t\t\t\t\t\t\t\t\t\t\t\t\t<img decoding=\"async\" width=\"60\" height=\"60\" src=\"https:\/\/trackimo.com\/fidelidade-guide\/pr\/wp-content\/uploads\/2023\/12\/1.svg\" class=\"attachment-full size-full wp-image-1704\" alt=\"\" \/>\t\t\t\t\t\t\t\t\t\t\t\t\t<\/div>\n\t\t\t\t<\/div>\n\t\t\t\t<div class=\"elementor-element elementor-element-329f946 elementor-widget elementor-widget-heading\" data-id=\"329f946\" data-element_type=\"widget\" data-widget_type=\"heading.default\">\n\t\t\t\t<div class=\"elementor-widget-container\">\n\t\t\t<p class=\"elementor-heading-title elementor-size-default\">Escolha o dispositivo \n<\/p>\t\t<\/div>\n\t\t\t\t<\/div>\n\t\t\t\t\t<\/div>\n\t\t<\/div>\n\t\t\t\t\t<\/div>\n\t\t<\/section>\n\t\t\t\t<section class=\"elementor-section elementor-inner-section elementor-element elementor-element-2697da4 elementor-section-boxed elementor-section-height-default elementor-section-height-default\" data-id=\"2697da4\" data-element_type=\"section\" data-settings=\"{&quot;background_background&quot;:&quot;classic&quot;}\">\n\t\t\t\t\t\t<div class=\"elementor-container elementor-column-gap-no\">\n\t\t\t\t\t<div class=\"elementor-column elementor-col-100 elementor-inner-column elementor-element elementor-element-9456261\" data-id=\"9456261\" data-element_type=\"column\">\n\t\t\t<div class=\"elementor-widget-wrap elementor-element-populated\">\n\t\t\t\t\t\t<div class=\"elementor-element elementor-element-02a5236 elementor-widget__width-initial elementor-widget elementor-widget-image\" data-id=\"02a5236\" data-element_type=\"widget\" data-widget_type=\"image.default\">\n\t\t\t\t<div class=\"elementor-widget-container\">\n\t\t\t\t\t\t\t\t\t\t\t\t\t<img decoding=\"async\" width=\"1360\" height=\"2424\" src=\"https:\/\/trackimo.com\/fidelidade-guide\/pr\/wp-content\/uploads\/2024\/09\/Group-4.png\" class=\"attachment-full size-full wp-image-5032\" alt=\"\" srcset=\"https:\/\/trackimo.com\/fidelidade-guide\/pr\/wp-content\/uploads\/2024\/09\/Group-4.png 1360w, https:\/\/trackimo.com\/fidelidade-guide\/pr\/wp-content\/uploads\/2024\/09\/Group-4-168x300.png 168w, https:\/\/trackimo.com\/fidelidade-guide\/pr\/wp-content\/uploads\/2024\/09\/Group-4-575x1024.png 575w, https:\/\/trackimo.com\/fidelidade-guide\/pr\/wp-content\/uploads\/2024\/09\/Group-4-768x1369.png 768w, https:\/\/trackimo.com\/fidelidade-guide\/pr\/wp-content\/uploads\/2024\/09\/Group-4-862x1536.png 862w, https:\/\/trackimo.com\/fidelidade-guide\/pr\/wp-content\/uploads\/2024\/09\/Group-4-1149x2048.png 1149w\" sizes=\"(max-width: 1360px) 100vw, 1360px\" \/>\t\t\t\t\t\t\t\t\t\t\t\t\t<\/div>\n\t\t\t\t<\/div>\n\t\t\t\t<div class=\"elementor-element elementor-element-17e3e90 elementor-widget__width-auto elementor-absolute create_acc_number  elementor-widget elementor-widget-image\" data-id=\"17e3e90\" data-element_type=\"widget\" data-settings=\"{&quot;_position&quot;:&quot;absolute&quot;}\" data-widget_type=\"image.default\">\n\t\t\t\t<div class=\"elementor-widget-container\">\n\t\t\t\t\t\t\t\t\t\t\t\t\t<img loading=\"lazy\" decoding=\"async\" width=\"60\" height=\"60\" src=\"https:\/\/trackimo.com\/fidelidade-guide\/pr\/wp-content\/uploads\/2023\/12\/2.svg\" class=\"attachment-full size-full wp-image-1705\" alt=\"\" \/>\t\t\t\t\t\t\t\t\t\t\t\t\t<\/div>\n\t\t\t\t<\/div>\n\t\t\t\t<div class=\"elementor-element elementor-element-96856d0 elementor-widget elementor-widget-heading\" data-id=\"96856d0\" data-element_type=\"widget\" data-widget_type=\"heading.default\">\n\t\t\t\t<div class=\"elementor-widget-container\">\n\t\t\t<p class=\"elementor-heading-title elementor-size-default\">Registe o ID do seu dispositivo e os \u00faltimos 4 d\u00edgitos do IMEI.<br> Poder\u00e1 encontrar esta  informa\u00e7\u00e3o na parte de baixo do dispositivo\n<\/p>\t\t<\/div>\n\t\t\t\t<\/div>\n\t\t\t\t\t<\/div>\n\t\t<\/div>\n\t\t\t\t\t<\/div>\n\t\t<\/section>\n\t\t\t\t<section class=\"elementor-section elementor-inner-section elementor-element elementor-element-094cacd elementor-section-boxed elementor-section-height-default elementor-section-height-default\" data-id=\"094cacd\" data-element_type=\"section\" data-settings=\"{&quot;background_background&quot;:&quot;classic&quot;}\">\n\t\t\t\t\t\t<div class=\"elementor-container elementor-column-gap-no\">\n\t\t\t\t\t<div class=\"elementor-column elementor-col-100 elementor-inner-column elementor-element elementor-element-d044dda\" data-id=\"d044dda\" data-element_type=\"column\">\n\t\t\t<div class=\"elementor-widget-wrap elementor-element-populated\">\n\t\t\t\t\t\t<div class=\"elementor-element elementor-element-371825d elementor-widget__width-initial elementor-widget elementor-widget-image\" data-id=\"371825d\" data-element_type=\"widget\" data-widget_type=\"image.default\">\n\t\t\t\t<div class=\"elementor-widget-container\">\n\t\t\t\t\t\t\t\t\t\t\t\t\t<img loading=\"lazy\" decoding=\"async\" width=\"1032\" height=\"1480\" src=\"https:\/\/trackimo.com\/fidelidade-guide\/pr\/wp-content\/uploads\/2024\/09\/Iphone-14-6-1.png\" class=\"attachment-full size-full wp-image-5033\" alt=\"\" srcset=\"https:\/\/trackimo.com\/fidelidade-guide\/pr\/wp-content\/uploads\/2024\/09\/Iphone-14-6-1.png 1032w, https:\/\/trackimo.com\/fidelidade-guide\/pr\/wp-content\/uploads\/2024\/09\/Iphone-14-6-1-209x300.png 209w, https:\/\/trackimo.com\/fidelidade-guide\/pr\/wp-content\/uploads\/2024\/09\/Iphone-14-6-1-714x1024.png 714w, https:\/\/trackimo.com\/fidelidade-guide\/pr\/wp-content\/uploads\/2024\/09\/Iphone-14-6-1-768x1101.png 768w\" sizes=\"(max-width: 1032px) 100vw, 1032px\" \/>\t\t\t\t\t\t\t\t\t\t\t\t\t<\/div>\n\t\t\t\t<\/div>\n\t\t\t\t<div class=\"elementor-element elementor-element-0e1ba5d elementor-widget__width-auto elementor-absolute create_acc_number  elementor-widget elementor-widget-image\" data-id=\"0e1ba5d\" data-element_type=\"widget\" data-settings=\"{&quot;_position&quot;:&quot;absolute&quot;}\" data-widget_type=\"image.default\">\n\t\t\t\t<div class=\"elementor-widget-container\">\n\t\t\t\t\t\t\t\t\t\t\t\t\t<img loading=\"lazy\" decoding=\"async\" width=\"60\" height=\"60\" src=\"https:\/\/trackimo.com\/fidelidade-guide\/pr\/wp-content\/uploads\/2023\/12\/3.svg\" class=\"attachment-full size-full wp-image-1706\" alt=\"\" \/>\t\t\t\t\t\t\t\t\t\t\t\t\t<\/div>\n\t\t\t\t<\/div>\n\t\t\t\t<div class=\"elementor-element elementor-element-f565cb7 elementor-widget elementor-widget-heading\" data-id=\"f565cb7\" data-element_type=\"widget\" data-widget_type=\"heading.default\">\n\t\t\t\t<div class=\"elementor-widget-container\">\n\t\t\t<p class=\"elementor-heading-title elementor-size-default\">Nomeie o seu dispositivo \n<\/p>\t\t<\/div>\n\t\t\t\t<\/div>\n\t\t\t\t\t<\/div>\n\t\t<\/div>\n\t\t\t\t\t<\/div>\n\t\t<\/section>\n\t\t\t\t<section class=\"elementor-section elementor-inner-section elementor-element elementor-element-1ac8ad3 elementor-section-boxed elementor-section-height-default elementor-section-height-default\" data-id=\"1ac8ad3\" data-element_type=\"section\" data-settings=\"{&quot;background_background&quot;:&quot;classic&quot;}\">\n\t\t\t\t\t\t<div class=\"elementor-container elementor-column-gap-no\">\n\t\t\t\t\t<div class=\"elementor-column elementor-col-100 elementor-inner-column elementor-element elementor-element-9807366\" data-id=\"9807366\" data-element_type=\"column\">\n\t\t\t<div class=\"elementor-widget-wrap elementor-element-populated\">\n\t\t\t\t\t\t<div class=\"elementor-element elementor-element-24903b4 elementor-widget__width-initial elementor-widget elementor-widget-image\" data-id=\"24903b4\" data-element_type=\"widget\" data-widget_type=\"image.default\">\n\t\t\t\t<div class=\"elementor-widget-container\">\n\t\t\t\t\t\t\t\t\t\t\t\t\t<img loading=\"lazy\" decoding=\"async\" width=\"1352\" height=\"2196\" src=\"https:\/\/trackimo.com\/fidelidade-guide\/pr\/wp-content\/uploads\/2024\/09\/Group-2-1.png\" class=\"attachment-full size-full wp-image-5026\" alt=\"\" srcset=\"https:\/\/trackimo.com\/fidelidade-guide\/pr\/wp-content\/uploads\/2024\/09\/Group-2-1.png 1352w, https:\/\/trackimo.com\/fidelidade-guide\/pr\/wp-content\/uploads\/2024\/09\/Group-2-1-185x300.png 185w, https:\/\/trackimo.com\/fidelidade-guide\/pr\/wp-content\/uploads\/2024\/09\/Group-2-1-630x1024.png 630w, https:\/\/trackimo.com\/fidelidade-guide\/pr\/wp-content\/uploads\/2024\/09\/Group-2-1-768x1247.png 768w, https:\/\/trackimo.com\/fidelidade-guide\/pr\/wp-content\/uploads\/2024\/09\/Group-2-1-946x1536.png 946w, https:\/\/trackimo.com\/fidelidade-guide\/pr\/wp-content\/uploads\/2024\/09\/Group-2-1-1261x2048.png 1261w\" sizes=\"(max-width: 1352px) 100vw, 1352px\" \/>\t\t\t\t\t\t\t\t\t\t\t\t\t<\/div>\n\t\t\t\t<\/div>\n\t\t\t\t<div class=\"elementor-element elementor-element-e02444b elementor-widget__width-auto elementor-absolute create_acc_number  elementor-widget elementor-widget-image\" data-id=\"e02444b\" data-element_type=\"widget\" data-settings=\"{&quot;_position&quot;:&quot;absolute&quot;}\" data-widget_type=\"image.default\">\n\t\t\t\t<div class=\"elementor-widget-container\">\n\t\t\t\t\t\t\t\t\t\t\t\t\t<img loading=\"lazy\" decoding=\"async\" width=\"51\" height=\"50\" src=\"https:\/\/trackimo.com\/fidelidade-guide\/pr\/wp-content\/uploads\/2023\/12\/Group-237641.png\" class=\"attachment-full size-full wp-image-1802\" alt=\"\" \/>\t\t\t\t\t\t\t\t\t\t\t\t\t<\/div>\n\t\t\t\t<\/div>\n\t\t\t\t<div class=\"elementor-element elementor-element-03ec402 elementor-widget elementor-widget-heading\" data-id=\"03ec402\" data-element_type=\"widget\" data-widget_type=\"heading.default\">\n\t\t\t\t<div class=\"elementor-widget-container\">\n\t\t\t<p class=\"elementor-heading-title elementor-size-default\">Parab\u00e9ns! Agora j\u00e1 pode localizar o seu pet. <\/p>\t\t<\/div>\n\t\t\t\t<\/div>\n\t\t\t\t\t<\/div>\n\t\t<\/div>\n\t\t\t\t\t<\/div>\n\t\t<\/section>\n\t\t\t\t\t<\/div>\n\t\t<\/div>\n\t\t\t\t\t<\/div>\n\t\t<\/section>\n\t\t\t\t<\/div>\n\t\t","protected":false},"excerpt":{"rendered":"<p>Ativar o seu dispositivo Escolha o dispositivo Registe o ID do seu dispositivo e os \u00faltimos 4 d\u00edgitos do IMEI. Poder\u00e1 encontrar esta informa\u00e7\u00e3o na parte de baixo do dispositivo Nomeie o seu dispositivo Parab\u00e9ns! Agora j\u00e1 pode localizar o seu pet.<\/p>\n","protected":false},"author":2,"featured_media":0,"parent":0,"menu_order":0,"comment_status":"closed","ping_status":"closed","template":"","meta":{"footnotes":""},"class_list":["post-289","page","type-page","status-publish","hentry"],"_links":{"self":[{"href":"https:\/\/trackimo.com\/fidelidade-guide\/pr\/wp-json\/wp\/v2\/pages\/289","targetHints":{"allow":["GET"]}}],"collection":[{"href":"https:\/\/trackimo.com\/fidelidade-guide\/pr\/wp-json\/wp\/v2\/pages"}],"about":[{"href":"https:\/\/trackimo.com\/fidelidade-guide\/pr\/wp-json\/wp\/v2\/types\/page"}],"author":[{"embeddable":true,"href":"https:\/\/trackimo.com\/fidelidade-guide\/pr\/wp-json\/wp\/v2\/users\/2"}],"replies":[{"embeddable":true,"href":"https:\/\/trackimo.com\/fidelidade-guide\/pr\/wp-json\/wp\/v2\/comments?post=289"}],"version-history":[{"count":140,"href":"https:\/\/trackimo.com\/fidelidade-guide\/pr\/wp-json\/wp\/v2\/pages\/289\/revisions"}],"predecessor-version":[{"id":5036,"href":"https:\/\/trackimo.com\/fidelidade-guide\/pr\/wp-json\/wp\/v2\/pages\/289\/revisions\/5036"}],"wp:attachment":[{"href":"https:\/\/trackimo.com\/fidelidade-guide\/pr\/wp-json\/wp\/v2\/media?parent=289"}],"curies":[{"name":"wp","href":"https:\/\/api.w.org\/{rel}","templated":true}]}}